{"id":1209,"date":"2020-04-30T17:34:48","date_gmt":"2020-04-30T15:34:48","guid":{"rendered":"http:\/\/piuinternet-lab.it\/noform\/?page_id=1209"},"modified":"2021-04-12T17:51:50","modified_gmt":"2021-04-12T15:51:50","slug":"qui-sommes-nous","status":"publish","type":"page","link":"https:\/\/noform.it\/fr\/qui-sommes-nous\/","title":{"rendered":"Qui sommes nous"},"content":{"rendered":"\t\t<div data-elementor-type=\"wp-page\" data-elementor-id=\"1209\" class=\"elementor elementor-1209 elementor-1056\" data-elementor-post-type=\"page\">\n\t\t\t\t\t\t<section class=\"elementor-section elementor-top-section elementor-element elementor-element-e4698d3 elementor-section-stretched elementor-section-full_width elementor-section-content-middle animated-slow elementor-section-height-default elementor-section-height-default elementor-invisible\" data-id=\"e4698d3\" data-element_type=\"section\" data-settings=\"{&quot;stretch_section&quot;:&quot;section-stretched&quot;,&quot;animation&quot;:&quot;fadeIn&quot;,&quot;animation_delay&quot;:6,&quot;background_background&quot;:&quot;classic&quot;}\">\n\t\t\t\t\t\t<div class=\"elementor-container elementor-column-gap-default\">\n\t\t\t\t\t<div class=\"elementor-column elementor-col-100 elementor-top-column elementor-element elementor-element-5205c18\" data-id=\"5205c18\" data-element_type=\"column\">\n\t\t\t<div class=\"elementor-widget-wrap elementor-element-populated\">\n\t\t\t\t\t\t<div class=\"elementor-element elementor-element-6330de0 content-testo-ridimensionato elementor--v-position-top elementor--h-position-center elementor-arrows-position-inside elementor-widget elementor-widget-slides\" data-id=\"6330de0\" data-element_type=\"widget\" data-settings=\"{&quot;navigation&quot;:&quot;arrows&quot;,&quot;transition&quot;:&quot;slide&quot;,&quot;transition_speed&quot;:500}\" data-widget_type=\"slides.default\">\n\t\t\t\t<div class=\"elementor-widget-container\">\n\t\t\t\t\t\t\t\t\t<div class=\"elementor-swiper\">\n\t\t\t\t\t<div class=\"elementor-slides-wrapper elementor-main-swiper swiper\" role=\"region\" aria-roledescription=\"carousel\" aria-label=\"Diapositives\" dir=\"ltr\" data-animation=\"fadeInRight\">\n\t\t\t\t<div class=\"swiper-wrapper elementor-slides\">\n\t\t\t\t\t\t\t\t\t\t<div class=\"elementor-repeater-item-17ef7e6 swiper-slide\" role=\"group\" aria-roledescription=\"slide\"><div class=\"swiper-slide-bg\" role=\"img\"><\/div><div class=\"swiper-slide-inner\" ><div class=\"swiper-slide-contents\"><div class=\"elementor-slide-heading\"> <\/div><div class=\"elementor-slide-description\">NOFORM est un bureau d\u2019architecture fond\u00e9 en 2009 par l\u2019Arch.  Bruno Crosato et l\u2019Arch.  Andrea Paganin.  Noform est un bureau fluide avec de nombreuses collaborations interdisciplinaires pour faire face aux diff\u00e9rents d\u00e9fis de conception\n\n<a href=\"https:\/\/www.instagram.com\/noform_studio\/\" target=\"_blank\"><div class=\"threedmds\"><p class=\"text3\"><\/p><\/div><\/a>\n<\/div><\/div><\/div><\/div>\t\t\t\t<\/div>\n\t\t\t\t\t\t\t<\/div>\n\t\t\t\t<\/div>\n\t\t\t\t\t\t\t\t<\/div>\n\t\t\t\t<\/div>\n\t\t\t\t<div class=\"elementor-element elementor-element-7107a2c elementor-fixed elementor-widget elementor-widget-template\" data-id=\"7107a2c\" data-element_type=\"widget\" data-settings=\"{&quot;_position&quot;:&quot;fixed&quot;}\" data-widget_type=\"template.default\">\n\t\t\t\t<div class=\"elementor-widget-container\">\n\t\t\t\t\t\t\t<div class=\"elementor-template\">\n\t\t\t\t\t<div data-elementor-type=\"page\" data-elementor-id=\"801\" class=\"elementor elementor-801\" data-elementor-post-type=\"elementor_library\">\n\t\t\t\t\t\t<section class=\"elementor-section elementor-top-section elementor-element elementor-element-84a368b elementor-section-stretched elementor-section-full_width sfondo-logo-winery elementor-section-height-default elementor-section-height-default\" data-id=\"84a368b\" data-element_type=\"section\" data-settings=\"{&quot;stretch_section&quot;:&quot;section-stretched&quot;,&quot;background_background&quot;:&quot;classic&quot;}\">\n\t\t\t\t\t\t<div class=\"elementor-container elementor-column-gap-default\">\n\t\t\t\t\t<div class=\"elementor-column elementor-col-100 elementor-top-column elementor-element elementor-element-48da81d\" data-id=\"48da81d\" data-element_type=\"column\">\n\t\t\t<div class=\"elementor-widget-wrap elementor-element-populated\">\n\t\t\t\t\t\t<div class=\"elementor-element elementor-element-c754f00 elementor-fixed elementor-widget-tablet__width-initial elementor-widget elementor-widget-image\" data-id=\"c754f00\" data-element_type=\"widget\" data-settings=\"{&quot;_position&quot;:&quot;fixed&quot;}\" data-widget_type=\"image.default\">\n\t\t\t\t<div class=\"elementor-widget-container\">\n\t\t\t\t\t\t\t\t\t\t\t\t\t\t\t\t<a href=\"https:\/\/noform.it\">\n\t\t\t\t\t\t\t<img fetchpriority=\"high\" decoding=\"async\" width=\"500\" height=\"185\" src=\"https:\/\/noform.it\/wp-content\/uploads\/2020\/01\/Noform_logo_giallo.png\" class=\"attachment-large size-large wp-image-57\" alt=\"\" srcset=\"https:\/\/noform.it\/wp-content\/uploads\/2020\/01\/Noform_logo_giallo.png 500w, https:\/\/noform.it\/wp-content\/uploads\/2020\/01\/Noform_logo_giallo-300x111.png 300w\" sizes=\"(max-width: 500px) 100vw, 500px\" \/>\t\t\t\t\t\t\t\t<\/a>\n\t\t\t\t\t\t\t\t\t\t\t\t\t\t\t<\/div>\n\t\t\t\t<\/div>\n\t\t\t\t<div class=\"elementor-element elementor-element-a8932b5 elementor-fixed elementor-widget__width-initial elementor-widget elementor-widget-image\" data-id=\"a8932b5\" data-element_type=\"widget\" data-settings=\"{&quot;_position&quot;:&quot;fixed&quot;}\" data-widget_type=\"image.default\">\n\t\t\t\t<div class=\"elementor-widget-container\">\n\t\t\t\t\t\t\t\t\t\t\t\t\t\t\t\t<a href=\"https:\/\/noform.it\/\">\n\t\t\t\t\t\t\t<img decoding=\"async\" width=\"256\" height=\"256\" src=\"https:\/\/noform.it\/wp-content\/uploads\/2020\/03\/close.png\" class=\"attachment-large size-large wp-image-179\" alt=\"\" srcset=\"https:\/\/noform.it\/wp-content\/uploads\/2020\/03\/close.png 256w, https:\/\/noform.it\/wp-content\/uploads\/2020\/03\/close-150x150.png 150w\" sizes=\"(max-width: 256px) 100vw, 256px\" \/>\t\t\t\t\t\t\t\t<\/a>\n\t\t\t\t\t\t\t\t\t\t\t\t\t\t\t<\/div>\n\t\t\t\t<\/div>\n\t\t\t\t\t<\/div>\n\t\t<\/div>\n\t\t\t\t\t<\/div>\n\t\t<\/section>\n\t\t\t\t<\/div>\n\t\t\t\t<\/div>\n\t\t\t\t\t\t<\/div>\n\t\t\t\t<\/div>\n\t\t\t\t\t<\/div>\n\t\t<\/div>\n\t\t\t\t\t<\/div>\n\t\t<\/section>\n\t\t\t\t<section class=\"elementor-section elementor-top-section elementor-element elementor-element-76f5cb4 elementor-section-stretched elementor-section-full_width elementor-section-height-default elementor-section-height-default\" data-id=\"76f5cb4\" data-element_type=\"section\" data-settings=\"{&quot;stretch_section&quot;:&quot;section-stretched&quot;}\">\n\t\t\t\t\t\t<div class=\"elementor-container elementor-column-gap-no\">\n\t\t\t\t\t<div class=\"elementor-column elementor-col-100 elementor-top-column elementor-element elementor-element-6e81873\" data-id=\"6e81873\" data-element_type=\"column\">\n\t\t\t<div class=\"elementor-widget-wrap elementor-element-populated\">\n\t\t\t\t\t\t<div class=\"elementor-element elementor-element-42a4a4b elementor-widget elementor-widget-template\" data-id=\"42a4a4b\" data-element_type=\"widget\" data-widget_type=\"template.default\">\n\t\t\t\t<div class=\"elementor-widget-container\">\n\t\t\t\t\t\t\t<div class=\"elementor-template\">\n\t\t\t\t\t<div data-elementor-type=\"page\" data-elementor-id=\"936\" class=\"elementor elementor-936\" data-elementor-post-type=\"elementor_library\">\n\t\t\t\t\t\t<section class=\"elementor-section elementor-top-section elementor-element elementor-element-f913775 elementor-hidden-phone elementor-section-full_width elementor-section-height-default elementor-section-height-default\" data-id=\"f913775\" data-element_type=\"section\" id=\"dynamicpp\" data-settings=\"{&quot;background_background&quot;:&quot;classic&quot;}\">\n\t\t\t\t\t\t<div class=\"elementor-container elementor-column-gap-no\">\n\t\t\t\t\t<div class=\"elementor-column elementor-col-100 elementor-top-column elementor-element elementor-element-978eb8d\" data-id=\"978eb8d\" data-element_type=\"column\" data-settings=\"{&quot;background_background&quot;:&quot;classic&quot;}\">\n\t\t\t<div class=\"elementor-widget-wrap elementor-element-populated\">\n\t\t\t\t\t\t<section class=\"elementor-section elementor-inner-section elementor-element elementor-element-9756994 elementor-section-boxed elementor-section-height-default elementor-section-height-default\" data-id=\"9756994\" data-element_type=\"section\">\n\t\t\t\t\t\t<div class=\"elementor-container elementor-column-gap-default\">\n\t\t\t\t\t<div class=\"elementor-column elementor-col-33 elementor-inner-column elementor-element elementor-element-921efe0 infobox\" data-id=\"921efe0\" data-element_type=\"column\" data-settings=\"{&quot;background_background&quot;:&quot;classic&quot;}\">\n\t\t\t<div class=\"elementor-widget-wrap elementor-element-populated\">\n\t\t\t\t\t\t<div class=\"elementor-element elementor-element-24362e7 elementor-widget elementor-widget-html\" data-id=\"24362e7\" data-element_type=\"widget\" data-widget_type=\"html.default\">\n\t\t\t\t<div class=\"elementor-widget-container\">\n\t\t\t\t\t<div class=\"infoboxa\"><img decoding=\"async\" src=\"https:\/\/noform.it\/wp-content\/uploads\/2020\/04\/info.png\" alt=\"infobox\" height=\"42\" width=\"42\"><\/div>\t\t\t\t<\/div>\n\t\t\t\t<\/div>\n\t\t\t\t\t<\/div>\n\t\t<\/div>\n\t\t\t\t<div class=\"elementor-column elementor-col-33 elementor-inner-column elementor-element elementor-element-75e2568\" data-id=\"75e2568\" data-element_type=\"column\">\n\t\t\t<div class=\"elementor-widget-wrap elementor-element-populated\">\n\t\t\t\t\t\t<div class=\"elementor-element elementor-element-cda873f elementor-nav-menu__align-start elementor-nav-menu--dropdown-none elementor-widget elementor-widget-nav-menu\" data-id=\"cda873f\" data-element_type=\"widget\" data-settings=\"{&quot;layout&quot;:&quot;horizontal&quot;,&quot;submenu_icon&quot;:{&quot;value&quot;:&quot;&lt;i class=\\&quot;fas fa-caret-down\\&quot;&gt;&lt;\\\/i&gt;&quot;,&quot;library&quot;:&quot;fa-solid&quot;}}\" data-widget_type=\"nav-menu.default\">\n\t\t\t\t<div class=\"elementor-widget-container\">\n\t\t\t\t\t\t\t\t<nav aria-label=\"Menu\" class=\"elementor-nav-menu--main elementor-nav-menu__container elementor-nav-menu--layout-horizontal e--pointer-none\">\n\t\t\t\t<ul id=\"menu-1-cda873f\" class=\"elementor-nav-menu\"><li class=\"menu-item menu-item-type-custom menu-item-object-custom menu-item-1227\"><a href=\"#\" class=\"elementor-item elementor-item-anchor\">Copyright \u00a9 2020 Noform Studio Architecture + Design &#8211; P.IVA  &#8211; 04128320274<br><\/a><\/li>\n<li class=\"menu-item menu-item-type-post_type menu-item-object-page menu-item-1225\"><a href=\"https:\/\/noform.it\/fr\/privacy-policy\/\" class=\"elementor-item\">privacy policy<\/a><\/li>\n<li class=\"menu-item menu-item-type-post_type menu-item-object-page menu-item-1224\"><a href=\"https:\/\/noform.it\/fr\/cookies-policy\/\" class=\"elementor-item\">cookies policy<\/a><\/li>\n<li class=\"menu-item menu-item-type-post_type menu-item-object-page menu-item-1226\"><a href=\"https:\/\/noform.it\/fr\/info-legali\/\" class=\"elementor-item\">info legali<\/a><\/li>\n<\/ul>\t\t\t<\/nav>\n\t\t\t\t\t\t<nav class=\"elementor-nav-menu--dropdown elementor-nav-menu__container\" aria-hidden=\"true\">\n\t\t\t\t<ul id=\"menu-2-cda873f\" class=\"elementor-nav-menu\"><li class=\"menu-item menu-item-type-custom menu-item-object-custom menu-item-1227\"><a href=\"#\" class=\"elementor-item elementor-item-anchor\" tabindex=\"-1\">Copyright \u00a9 2020 Noform Studio Architecture + Design &#8211; P.IVA  &#8211; 04128320274<br><\/a><\/li>\n<li class=\"menu-item menu-item-type-post_type menu-item-object-page menu-item-1225\"><a href=\"https:\/\/noform.it\/fr\/privacy-policy\/\" class=\"elementor-item\" tabindex=\"-1\">privacy policy<\/a><\/li>\n<li class=\"menu-item menu-item-type-post_type menu-item-object-page menu-item-1224\"><a href=\"https:\/\/noform.it\/fr\/cookies-policy\/\" class=\"elementor-item\" tabindex=\"-1\">cookies policy<\/a><\/li>\n<li class=\"menu-item menu-item-type-post_type menu-item-object-page menu-item-1226\"><a href=\"https:\/\/noform.it\/fr\/info-legali\/\" class=\"elementor-item\" tabindex=\"-1\">info legali<\/a><\/li>\n<\/ul>\t\t\t<\/nav>\n\t\t\t\t\t\t<\/div>\n\t\t\t\t<\/div>\n\t\t\t\t\t<\/div>\n\t\t<\/div>\n\t\t\t\t<div class=\"elementor-column elementor-col-33 elementor-inner-column elementor-element elementor-element-adf6456\" data-id=\"adf6456\" data-element_type=\"column\">\n\t\t\t<div class=\"elementor-widget-wrap elementor-element-populated\">\n\t\t\t\t\t\t<div class=\"elementor-element elementor-element-4b3c21b elementor-nav-menu__align-center elementor-nav-menu--dropdown-none elementor-widget elementor-widget-nav-menu\" data-id=\"4b3c21b\" data-element_type=\"widget\" data-settings=\"{&quot;layout&quot;:&quot;horizontal&quot;,&quot;submenu_icon&quot;:{&quot;value&quot;:&quot;&lt;i class=\\&quot;fas fa-caret-down\\&quot;&gt;&lt;\\\/i&gt;&quot;,&quot;library&quot;:&quot;fa-solid&quot;}}\" data-widget_type=\"nav-menu.default\">\n\t\t\t\t<div class=\"elementor-widget-container\">\n\t\t\t\t\t\t\t\t<nav aria-label=\"Menu\" class=\"elementor-nav-menu--main elementor-nav-menu__container elementor-nav-menu--layout-horizontal e--pointer-none\">\n\t\t\t\t<ul id=\"menu-1-4b3c21b\" class=\"elementor-nav-menu\"><li class=\"menu-item wpml-ls-slot-13 wpml-ls-item wpml-ls-item-en wpml-ls-menu-item wpml-ls-first-item menu-item-type-wpml_ls_menu_item menu-item-object-wpml_ls_menu_item menu-item-wpml-ls-13-en\"><a href=\"https:\/\/noform.it\/en\/\" title=\"EN\" class=\"elementor-item\"><span class=\"wpml-ls-display\">EN<\/span><\/a><\/li>\n<li class=\"menu-item wpml-ls-slot-13 wpml-ls-item wpml-ls-item-it wpml-ls-menu-item wpml-ls-last-item menu-item-type-wpml_ls_menu_item menu-item-object-wpml_ls_menu_item menu-item-wpml-ls-13-it\"><a href=\"https:\/\/noform.it\/\" title=\"IT\" class=\"elementor-item\"><span class=\"wpml-ls-display\">IT<\/span><\/a><\/li>\n<\/ul>\t\t\t<\/nav>\n\t\t\t\t\t\t<nav class=\"elementor-nav-menu--dropdown elementor-nav-menu__container\" aria-hidden=\"true\">\n\t\t\t\t<ul id=\"menu-2-4b3c21b\" class=\"elementor-nav-menu\"><li class=\"menu-item wpml-ls-slot-13 wpml-ls-item wpml-ls-item-en wpml-ls-menu-item wpml-ls-first-item menu-item-type-wpml_ls_menu_item menu-item-object-wpml_ls_menu_item menu-item-wpml-ls-13-en\"><a href=\"https:\/\/noform.it\/en\/\" title=\"EN\" class=\"elementor-item\" tabindex=\"-1\"><span class=\"wpml-ls-display\">EN<\/span><\/a><\/li>\n<li class=\"menu-item wpml-ls-slot-13 wpml-ls-item wpml-ls-item-it wpml-ls-menu-item wpml-ls-last-item menu-item-type-wpml_ls_menu_item menu-item-object-wpml_ls_menu_item menu-item-wpml-ls-13-it\"><a href=\"https:\/\/noform.it\/\" title=\"IT\" class=\"elementor-item\" tabindex=\"-1\"><span class=\"wpml-ls-display\">IT<\/span><\/a><\/li>\n<\/ul>\t\t\t<\/nav>\n\t\t\t\t\t\t<\/div>\n\t\t\t\t<\/div>\n\t\t\t\t\t<\/div>\n\t\t<\/div>\n\t\t\t\t\t<\/div>\n\t\t<\/section>\n\t\t\t\t\t<\/div>\n\t\t<\/div>\n\t\t\t\t\t<\/div>\n\t\t<\/section>\n\t\t\t\t<\/div>\n\t\t\t\t<\/div>\n\t\t\t\t\t\t<\/div>\n\t\t\t\t<\/div>\n\t\t\t\t\t<\/div>\n\t\t<\/div>\n\t\t\t\t\t<\/div>\n\t\t<\/section>\n\t\t\t\t<\/div>\n\t\t","protected":false},"excerpt":{"rendered":"<p>NOFORM est un bureau d\u2019architecture fond\u00e9 en 2009 par l\u2019Arch. Bruno Crosato et l\u2019Arch. Andrea Paganin. Noform est un bureau fluide avec de nombreuses collaborations interdisciplinaires pour faire face aux diff\u00e9rents d\u00e9fis de conception<\/p>\n","protected":false},"author":1,"featured_media":0,"parent":0,"menu_order":0,"comment_status":"closed","ping_status":"closed","template":"elementor_header_footer","meta":{"footnotes":""},"class_list":["post-1209","page","type-page","status-publish","hentry","entry"],"yoast_head":"<!-- This site is optimized with the Yoast SEO plugin v25.3.1 - https:\/\/yoast.com\/wordpress\/plugins\/seo\/ -->\n<title>Agence d&#039;architecture studio - NoForm<\/title>\n<meta name=\"description\" content=\"NoForm est un studio d&#039;architecture et de design sp\u00e9cialis\u00e9 dans les projets de conception industrielle, r\u00e9sidentielle et de caves \u00e0 vin\" \/>\n<meta name=\"robots\" content=\"index, follow, max-snippet:-1, max-image-preview:large, max-video-preview:-1\" \/>\n<link rel=\"canonical\" href=\"https:\/\/noform.it\/fr\/qui-sommes-nous\/\" \/>\n<meta property=\"og:locale\" content=\"fr_FR\" \/>\n<meta property=\"og:type\" content=\"article\" \/>\n<meta property=\"og:title\" content=\"Agence d&#039;architecture studio - NoForm\" \/>\n<meta property=\"og:description\" content=\"NoForm est un studio d&#039;architecture et de design sp\u00e9cialis\u00e9 dans les projets de conception industrielle, r\u00e9sidentielle et de caves \u00e0 vin\" \/>\n<meta property=\"og:url\" content=\"https:\/\/noform.it\/fr\/qui-sommes-nous\/\" \/>\n<meta property=\"og:site_name\" content=\"NoForm Studio\" \/>\n<meta property=\"article:modified_time\" content=\"2021-04-12T15:51:50+00:00\" \/>\n<meta name=\"twitter:card\" content=\"summary_large_image\" \/>\n<meta name=\"twitter:label1\" content=\"Dur\u00e9e de lecture estim\u00e9e\" \/>\n\t<meta name=\"twitter:data1\" content=\"5 minutes\" \/>\n<script type=\"application\/ld+json\" class=\"yoast-schema-graph\">{\"@context\":\"https:\/\/schema.org\",\"@graph\":[{\"@type\":\"WebPage\",\"@id\":\"https:\/\/noform.it\/fr\/qui-sommes-nous\/\",\"url\":\"https:\/\/noform.it\/fr\/qui-sommes-nous\/\",\"name\":\"Agence d'architecture studio - NoForm\",\"isPartOf\":{\"@id\":\"https:\/\/noform.it\/#website\"},\"datePublished\":\"2020-04-30T15:34:48+00:00\",\"dateModified\":\"2021-04-12T15:51:50+00:00\",\"description\":\"NoForm est un studio d'architecture et de design sp\u00e9cialis\u00e9 dans les projets de conception industrielle, r\u00e9sidentielle et de caves \u00e0 vin\",\"breadcrumb\":{\"@id\":\"https:\/\/noform.it\/fr\/qui-sommes-nous\/#breadcrumb\"},\"inLanguage\":\"fr-FR\",\"potentialAction\":[{\"@type\":\"ReadAction\",\"target\":[\"https:\/\/noform.it\/fr\/qui-sommes-nous\/\"]}]},{\"@type\":\"BreadcrumbList\",\"@id\":\"https:\/\/noform.it\/fr\/qui-sommes-nous\/#breadcrumb\",\"itemListElement\":[{\"@type\":\"ListItem\",\"position\":1,\"name\":\"Home\",\"item\":\"https:\/\/noform.it\/fr\/\"},{\"@type\":\"ListItem\",\"position\":2,\"name\":\"Qui sommes nous\"}]},{\"@type\":\"WebSite\",\"@id\":\"https:\/\/noform.it\/#website\",\"url\":\"https:\/\/noform.it\/\",\"name\":\"NoForm Studio\",\"description\":\"\",\"potentialAction\":[{\"@type\":\"SearchAction\",\"target\":{\"@type\":\"EntryPoint\",\"urlTemplate\":\"https:\/\/noform.it\/?s={search_term_string}\"},\"query-input\":{\"@type\":\"PropertyValueSpecification\",\"valueRequired\":true,\"valueName\":\"search_term_string\"}}],\"inLanguage\":\"fr-FR\"}]}<\/script>\n<!-- \/ Yoast SEO plugin. -->","yoast_head_json":{"title":"Agence d'architecture studio - NoForm","description":"NoForm est un studio d'architecture et de design sp\u00e9cialis\u00e9 dans les projets de conception industrielle, r\u00e9sidentielle et de caves \u00e0 vin","robots":{"index":"index","follow":"follow","max-snippet":"max-snippet:-1","max-image-preview":"max-image-preview:large","max-video-preview":"max-video-preview:-1"},"canonical":"https:\/\/noform.it\/fr\/qui-sommes-nous\/","og_locale":"fr_FR","og_type":"article","og_title":"Agence d'architecture studio - NoForm","og_description":"NoForm est un studio d'architecture et de design sp\u00e9cialis\u00e9 dans les projets de conception industrielle, r\u00e9sidentielle et de caves \u00e0 vin","og_url":"https:\/\/noform.it\/fr\/qui-sommes-nous\/","og_site_name":"NoForm Studio","article_modified_time":"2021-04-12T15:51:50+00:00","twitter_card":"summary_large_image","twitter_misc":{"Dur\u00e9e de lecture estim\u00e9e":"5 minutes"},"schema":{"@context":"https:\/\/schema.org","@graph":[{"@type":"WebPage","@id":"https:\/\/noform.it\/fr\/qui-sommes-nous\/","url":"https:\/\/noform.it\/fr\/qui-sommes-nous\/","name":"Agence d'architecture studio - NoForm","isPartOf":{"@id":"https:\/\/noform.it\/#website"},"datePublished":"2020-04-30T15:34:48+00:00","dateModified":"2021-04-12T15:51:50+00:00","description":"NoForm est un studio d'architecture et de design sp\u00e9cialis\u00e9 dans les projets de conception industrielle, r\u00e9sidentielle et de caves \u00e0 vin","breadcrumb":{"@id":"https:\/\/noform.it\/fr\/qui-sommes-nous\/#breadcrumb"},"inLanguage":"fr-FR","potentialAction":[{"@type":"ReadAction","target":["https:\/\/noform.it\/fr\/qui-sommes-nous\/"]}]},{"@type":"BreadcrumbList","@id":"https:\/\/noform.it\/fr\/qui-sommes-nous\/#breadcrumb","itemListElement":[{"@type":"ListItem","position":1,"name":"Home","item":"https:\/\/noform.it\/fr\/"},{"@type":"ListItem","position":2,"name":"Qui sommes nous"}]},{"@type":"WebSite","@id":"https:\/\/noform.it\/#website","url":"https:\/\/noform.it\/","name":"NoForm Studio","description":"","potentialAction":[{"@type":"SearchAction","target":{"@type":"EntryPoint","urlTemplate":"https:\/\/noform.it\/?s={search_term_string}"},"query-input":{"@type":"PropertyValueSpecification","valueRequired":true,"valueName":"search_term_string"}}],"inLanguage":"fr-FR"}]}},"_links":{"self":[{"href":"https:\/\/noform.it\/fr\/wp-json\/wp\/v2\/pages\/1209","targetHints":{"allow":["GET"]}}],"collection":[{"href":"https:\/\/noform.it\/fr\/wp-json\/wp\/v2\/pages"}],"about":[{"href":"https:\/\/noform.it\/fr\/wp-json\/wp\/v2\/types\/page"}],"author":[{"embeddable":true,"href":"https:\/\/noform.it\/fr\/wp-json\/wp\/v2\/users\/1"}],"replies":[{"embeddable":true,"href":"https:\/\/noform.it\/fr\/wp-json\/wp\/v2\/comments?post=1209"}],"version-history":[{"count":6,"href":"https:\/\/noform.it\/fr\/wp-json\/wp\/v2\/pages\/1209\/revisions"}],"predecessor-version":[{"id":2605,"href":"https:\/\/noform.it\/fr\/wp-json\/wp\/v2\/pages\/1209\/revisions\/2605"}],"wp:attachment":[{"href":"https:\/\/noform.it\/fr\/wp-json\/wp\/v2\/media?parent=1209"}],"curies":[{"name":"wp","href":"https:\/\/api.w.org\/{rel}","templated":true}]}}