{"id":1191,"date":"2020-04-30T15:47:28","date_gmt":"2020-04-30T13:47:28","guid":{"rendered":"http:\/\/piuinternet-lab.it\/noform\/?page_id=1191"},"modified":"2020-04-30T15:52:44","modified_gmt":"2020-04-30T13:52:44","slug":"info-legali","status":"publish","type":"page","link":"https:\/\/noform.it\/fr\/info-legali\/","title":{"rendered":"info legali"},"content":{"rendered":"\t\t<div data-elementor-type=\"wp-page\" data-elementor-id=\"1191\" class=\"elementor elementor-1191 elementor-822\" data-elementor-post-type=\"page\">\n\t\t\t\t\t\t<section class=\"elementor-section elementor-top-section elementor-element elementor-element-e4698d3 elementor-section-stretched elementor-section-full_width elementor-section-content-middle animated-slow elementor-section-height-default elementor-section-height-default elementor-invisible\" data-id=\"e4698d3\" data-element_type=\"section\" data-settings=\"{&quot;stretch_section&quot;:&quot;section-stretched&quot;,&quot;animation&quot;:&quot;fadeIn&quot;,&quot;animation_delay&quot;:6,&quot;background_background&quot;:&quot;classic&quot;}\">\n\t\t\t\t\t\t<div class=\"elementor-container elementor-column-gap-default\">\n\t\t\t\t\t<div class=\"elementor-column elementor-col-100 elementor-top-column elementor-element elementor-element-5205c18\" data-id=\"5205c18\" data-element_type=\"column\">\n\t\t\t<div class=\"elementor-widget-wrap elementor-element-populated\">\n\t\t\t\t\t\t<div class=\"elementor-element elementor-element-6330de0 content-testo-ridimensionato elementor--v-position-top elementor--h-position-center elementor-arrows-position-inside elementor-widget elementor-widget-slides\" data-id=\"6330de0\" data-element_type=\"widget\" data-settings=\"{&quot;navigation&quot;:&quot;arrows&quot;,&quot;transition&quot;:&quot;slide&quot;,&quot;transition_speed&quot;:500}\" data-widget_type=\"slides.default\">\n\t\t\t\t<div class=\"elementor-widget-container\">\n\t\t\t\t\t\t\t\t\t<div class=\"elementor-swiper\">\n\t\t\t\t\t<div class=\"elementor-slides-wrapper elementor-main-swiper swiper\" role=\"region\" aria-roledescription=\"carousel\" aria-label=\"Diapositives\" dir=\"ltr\" data-animation=\"fadeInRight\">\n\t\t\t\t<div class=\"swiper-wrapper elementor-slides\">\n\t\t\t\t\t\t\t\t\t\t<div class=\"elementor-repeater-item-17ef7e6 swiper-slide\" role=\"group\" aria-roledescription=\"slide\"><div class=\"swiper-slide-bg\" role=\"img\"><\/div><div class=\"swiper-slide-inner\" ><div class=\"swiper-slide-contents\"><div class=\"elementor-slide-heading\">Donn\u00e9es de la soci\u00e9t\u00e9<\/div><div class=\"elementor-slide-description\">Raison sociale : NOFORM S.R.L.\nSi\u00e8ge social et d'exploitation : Via delle Industrie II, n 43 30020 MEOLO (VENEZIA)\nIdentifiant fiscal : Via delle Industrie II, n 43 30020 MEOLO (VENEZIA)\nN\u00b0 T.V.A. : 04128320274\nN\u00b0 T.V.A. : 04128320274\nBBureau Registre du commerce et des soci\u00e9t\u00e9s :\nR.E.A. (Economic and Administrative Index) no.: VE \u2013 367906\n\n<strong>POLITIQUES ET CONSENTEMENTS DE L'ENTREPRISE<\/strong>\n\n<strong>NOFORM S.R.L.<\/strong>\n\n<a href=\"https:\/\/www.noform.it\/fr\/privacy-policy\/\" target=\"_blank\" rel=\"noopener\"><strong><u>Politique de l'entreprise sur le traitement des donn\u00e9es\u00a0<\/u><\/strong>\u00a0<em>(<\/em>https:\/\/www.noform.it\/fr\/privacy-policy\/)\n<\/a><a href=\"https:\/\/www.noform.it\/fr\/cookies-policy\" target=\"_blank\" rel=\"noopener\"><strong><u>Politique sur les cookies du site\u00a0<\/u><\/strong><em>(<\/em>https:\/\/www.noform.it\/fr\/cookies-policy)\n<\/a><a href=\"http:\/\/piuinternet-dev.it\/bozze-grafiche\/variabili-sito\/\" target=\"_blank\" rel=\"noopener\"><strong><u>Politique sur les lettres d'information du site\u00a0<\/u><\/strong><em>(<\/em>)<\/a>\n\n<strong>MENTIONS SUR LES DROITS D'AUTEUR ET LES MARQUES D\u00c9POS\u00c9ES<\/strong>\n\nL'ensemble du contenu de ce site web est prot\u00e9g\u00e9 par des droits d'auteur (copyright \u00a9)2020 de la soci\u00e9t\u00e9 NOFORM S.R.L.ou de ses fournisseurs. Au sens de l'art. 1, alin\u00e9a 1 du d\u00e9cret-loi du 22 mars 2004, n\u00b0 72, tel que modifi\u00e9 et converti par la loi du 21 mai 2004 n\u00b0 128 les \u0153uvres pr\u00e9sentes sur ce site ont respect\u00e9 les obligations d\u00e9coulant de la l\u00e9gislation sur le droit d\u2019auteur et sur les droits connexes. La reproduction, la communication au public, la mise \u00e0 la disposition du public, la location et le pr\u00eat, l'ex\u00e9cution publique et la diffusion sans l\u2019autorisation du d\u00e9tenteur des droits est interdite. Toutes violations sont punies conform\u00e9ment aux sanctions pr\u00e9vues par les articles 171, 171-bis, 171-ter, 174-bis et 174-ter de la loi 633\/1941. Au sens de l'art. 5 de la loi du 22 avril 1941 n\u00b0 633 sur la protection du droit d\u2019auteur, les textes des actes officiels de l'\u00c9tat et des administrations publiques, italiennes et \u00e9trang\u00e8res, ne sont pas couverts par des droits d'auteur.\nLe copyright indiqu\u00e9 se rapporte \u00e0 l'\u00e9laboration et \u00e0 la forme de pr\u00e9sentation des textes proprement dits. Violations pr\u00e9sum\u00e9es du droit d\u2019auteur\n\nCes communications doivent \u00eatre pr\u00e9sent\u00e9es par \u00e9crit et envoy\u00e9es au repr\u00e9sentant d\u00e9sign\u00e9 de la soci\u00e9t\u00e9 NOFORM S.R.L.SRL \u00e0 l'adresse, au num\u00e9ro de fax ou \u00e0 l'adresse de courriel ci-dessous :\n\nRegistered office: Via delle Industrie II, n 43 30020 MEOLO (VENEZIA)\nOperating Office: Via delle Industrie II, n 43 30020 MEOLO (VENEZIA)\nPhone: 0421 345553 \u2013 Fax:\neM.\u00a0<a href=\"mailto:info@noform.it\">info@noform.it<\/a><\/div><\/div><\/div><\/div>\t\t\t\t<\/div>\n\t\t\t\t\t\t\t<\/div>\n\t\t\t\t<\/div>\n\t\t\t\t\t\t\t\t<\/div>\n\t\t\t\t<\/div>\n\t\t\t\t<div class=\"elementor-element elementor-element-7107a2c elementor-fixed elementor-widget elementor-widget-template\" data-id=\"7107a2c\" data-element_type=\"widget\" data-settings=\"{&quot;_position&quot;:&quot;fixed&quot;}\" data-widget_type=\"template.default\">\n\t\t\t\t<div class=\"elementor-widget-container\">\n\t\t\t\t\t\t\t<div class=\"elementor-template\">\n\t\t\t\t\t<div data-elementor-type=\"page\" data-elementor-id=\"801\" class=\"elementor elementor-801\" data-elementor-post-type=\"elementor_library\">\n\t\t\t\t\t\t<section class=\"elementor-section elementor-top-section elementor-element elementor-element-84a368b elementor-section-stretched elementor-section-full_width sfondo-logo-winery elementor-section-height-default elementor-section-height-default\" data-id=\"84a368b\" data-element_type=\"section\" data-settings=\"{&quot;stretch_section&quot;:&quot;section-stretched&quot;,&quot;background_background&quot;:&quot;classic&quot;}\">\n\t\t\t\t\t\t<div class=\"elementor-container elementor-column-gap-default\">\n\t\t\t\t\t<div class=\"elementor-column elementor-col-100 elementor-top-column elementor-element elementor-element-48da81d\" data-id=\"48da81d\" data-element_type=\"column\">\n\t\t\t<div class=\"elementor-widget-wrap elementor-element-populated\">\n\t\t\t\t\t\t<div class=\"elementor-element elementor-element-c754f00 elementor-fixed elementor-widget-tablet__width-initial elementor-widget elementor-widget-image\" data-id=\"c754f00\" data-element_type=\"widget\" data-settings=\"{&quot;_position&quot;:&quot;fixed&quot;}\" data-widget_type=\"image.default\">\n\t\t\t\t<div class=\"elementor-widget-container\">\n\t\t\t\t\t\t\t\t\t\t\t\t\t\t\t\t<a href=\"https:\/\/noform.it\">\n\t\t\t\t\t\t\t<img fetchpriority=\"high\" decoding=\"async\" width=\"500\" height=\"185\" src=\"https:\/\/noform.it\/wp-content\/uploads\/2020\/01\/Noform_logo_giallo.png\" class=\"attachment-large size-large wp-image-57\" alt=\"\" srcset=\"https:\/\/noform.it\/wp-content\/uploads\/2020\/01\/Noform_logo_giallo.png 500w, https:\/\/noform.it\/wp-content\/uploads\/2020\/01\/Noform_logo_giallo-300x111.png 300w\" sizes=\"(max-width: 500px) 100vw, 500px\" \/>\t\t\t\t\t\t\t\t<\/a>\n\t\t\t\t\t\t\t\t\t\t\t\t\t\t\t<\/div>\n\t\t\t\t<\/div>\n\t\t\t\t<div class=\"elementor-element elementor-element-a8932b5 elementor-fixed elementor-widget__width-initial elementor-widget elementor-widget-image\" data-id=\"a8932b5\" data-element_type=\"widget\" data-settings=\"{&quot;_position&quot;:&quot;fixed&quot;}\" data-widget_type=\"image.default\">\n\t\t\t\t<div class=\"elementor-widget-container\">\n\t\t\t\t\t\t\t\t\t\t\t\t\t\t\t\t<a href=\"https:\/\/noform.it\/\">\n\t\t\t\t\t\t\t<img decoding=\"async\" width=\"256\" height=\"256\" src=\"https:\/\/noform.it\/wp-content\/uploads\/2020\/03\/close.png\" class=\"attachment-large size-large wp-image-179\" alt=\"\" srcset=\"https:\/\/noform.it\/wp-content\/uploads\/2020\/03\/close.png 256w, https:\/\/noform.it\/wp-content\/uploads\/2020\/03\/close-150x150.png 150w\" sizes=\"(max-width: 256px) 100vw, 256px\" \/>\t\t\t\t\t\t\t\t<\/a>\n\t\t\t\t\t\t\t\t\t\t\t\t\t\t\t<\/div>\n\t\t\t\t<\/div>\n\t\t\t\t\t<\/div>\n\t\t<\/div>\n\t\t\t\t\t<\/div>\n\t\t<\/section>\n\t\t\t\t<\/div>\n\t\t\t\t<\/div>\n\t\t\t\t\t\t<\/div>\n\t\t\t\t<\/div>\n\t\t\t\t\t<\/div>\n\t\t<\/div>\n\t\t\t\t\t<\/div>\n\t\t<\/section>\n\t\t\t\t<section class=\"elementor-section elementor-top-section elementor-element elementor-element-948e2b1 elementor-section-stretched elementor-section-full_width elementor-section-height-default elementor-section-height-default\" data-id=\"948e2b1\" data-element_type=\"section\" data-settings=\"{&quot;stretch_section&quot;:&quot;section-stretched&quot;}\">\n\t\t\t\t\t\t<div class=\"elementor-container elementor-column-gap-no\">\n\t\t\t\t\t<div class=\"elementor-column elementor-col-100 elementor-top-column elementor-element elementor-element-082de94\" data-id=\"082de94\" data-element_type=\"column\">\n\t\t\t<div class=\"elementor-widget-wrap elementor-element-populated\">\n\t\t\t\t\t\t<div class=\"elementor-element elementor-element-9f6b4a0 elementor-widget elementor-widget-template\" data-id=\"9f6b4a0\" data-element_type=\"widget\" data-widget_type=\"template.default\">\n\t\t\t\t<div class=\"elementor-widget-container\">\n\t\t\t\t\t\t\t<div class=\"elementor-template\">\n\t\t\t\t\t<div data-elementor-type=\"page\" data-elementor-id=\"936\" class=\"elementor elementor-936\" data-elementor-post-type=\"elementor_library\">\n\t\t\t\t\t\t<section class=\"elementor-section elementor-top-section elementor-element elementor-element-f913775 elementor-hidden-phone elementor-section-full_width elementor-section-height-default elementor-section-height-default\" data-id=\"f913775\" data-element_type=\"section\" id=\"dynamicpp\" data-settings=\"{&quot;background_background&quot;:&quot;classic&quot;}\">\n\t\t\t\t\t\t<div class=\"elementor-container elementor-column-gap-no\">\n\t\t\t\t\t<div class=\"elementor-column elementor-col-100 elementor-top-column elementor-element elementor-element-978eb8d\" data-id=\"978eb8d\" data-element_type=\"column\" data-settings=\"{&quot;background_background&quot;:&quot;classic&quot;}\">\n\t\t\t<div class=\"elementor-widget-wrap elementor-element-populated\">\n\t\t\t\t\t\t<section class=\"elementor-section elementor-inner-section elementor-element elementor-element-9756994 elementor-section-boxed elementor-section-height-default elementor-section-height-default\" data-id=\"9756994\" data-element_type=\"section\">\n\t\t\t\t\t\t<div class=\"elementor-container elementor-column-gap-default\">\n\t\t\t\t\t<div class=\"elementor-column elementor-col-33 elementor-inner-column elementor-element elementor-element-921efe0 infobox\" data-id=\"921efe0\" data-element_type=\"column\" data-settings=\"{&quot;background_background&quot;:&quot;classic&quot;}\">\n\t\t\t<div class=\"elementor-widget-wrap elementor-element-populated\">\n\t\t\t\t\t\t<div class=\"elementor-element elementor-element-24362e7 elementor-widget elementor-widget-html\" data-id=\"24362e7\" data-element_type=\"widget\" data-widget_type=\"html.default\">\n\t\t\t\t<div class=\"elementor-widget-container\">\n\t\t\t\t\t<div class=\"infoboxa\"><img decoding=\"async\" src=\"https:\/\/noform.it\/wp-content\/uploads\/2020\/04\/info.png\" alt=\"infobox\" height=\"42\" width=\"42\"><\/div>\t\t\t\t<\/div>\n\t\t\t\t<\/div>\n\t\t\t\t\t<\/div>\n\t\t<\/div>\n\t\t\t\t<div class=\"elementor-column elementor-col-33 elementor-inner-column elementor-element elementor-element-75e2568\" data-id=\"75e2568\" data-element_type=\"column\">\n\t\t\t<div class=\"elementor-widget-wrap elementor-element-populated\">\n\t\t\t\t\t\t<div class=\"elementor-element elementor-element-cda873f elementor-nav-menu__align-start elementor-nav-menu--dropdown-none elementor-widget elementor-widget-nav-menu\" data-id=\"cda873f\" data-element_type=\"widget\" data-settings=\"{&quot;layout&quot;:&quot;horizontal&quot;,&quot;submenu_icon&quot;:{&quot;value&quot;:&quot;&lt;i class=\\&quot;fas fa-caret-down\\&quot;&gt;&lt;\\\/i&gt;&quot;,&quot;library&quot;:&quot;fa-solid&quot;}}\" data-widget_type=\"nav-menu.default\">\n\t\t\t\t<div class=\"elementor-widget-container\">\n\t\t\t\t\t\t\t\t<nav aria-label=\"Menu\" class=\"elementor-nav-menu--main elementor-nav-menu__container elementor-nav-menu--layout-horizontal e--pointer-none\">\n\t\t\t\t<ul id=\"menu-1-cda873f\" class=\"elementor-nav-menu\"><li class=\"menu-item menu-item-type-custom menu-item-object-custom menu-item-1227\"><a href=\"#\" class=\"elementor-item elementor-item-anchor\">Copyright \u00a9 2020 Noform Studio Architecture + Design &#8211; P.IVA  &#8211; 04128320274<br><\/a><\/li>\n<li class=\"menu-item menu-item-type-post_type menu-item-object-page menu-item-1225\"><a href=\"https:\/\/noform.it\/fr\/privacy-policy\/\" class=\"elementor-item\">privacy policy<\/a><\/li>\n<li class=\"menu-item menu-item-type-post_type menu-item-object-page menu-item-1224\"><a href=\"https:\/\/noform.it\/fr\/cookies-policy\/\" class=\"elementor-item\">cookies policy<\/a><\/li>\n<li class=\"menu-item menu-item-type-post_type menu-item-object-page menu-item-1226\"><a href=\"https:\/\/noform.it\/fr\/info-legali\/\" class=\"elementor-item\">info legali<\/a><\/li>\n<\/ul>\t\t\t<\/nav>\n\t\t\t\t\t\t<nav class=\"elementor-nav-menu--dropdown elementor-nav-menu__container\" aria-hidden=\"true\">\n\t\t\t\t<ul id=\"menu-2-cda873f\" class=\"elementor-nav-menu\"><li class=\"menu-item menu-item-type-custom menu-item-object-custom menu-item-1227\"><a href=\"#\" class=\"elementor-item elementor-item-anchor\" tabindex=\"-1\">Copyright \u00a9 2020 Noform Studio Architecture + Design &#8211; P.IVA  &#8211; 04128320274<br><\/a><\/li>\n<li class=\"menu-item menu-item-type-post_type menu-item-object-page menu-item-1225\"><a href=\"https:\/\/noform.it\/fr\/privacy-policy\/\" class=\"elementor-item\" tabindex=\"-1\">privacy policy<\/a><\/li>\n<li class=\"menu-item menu-item-type-post_type menu-item-object-page menu-item-1224\"><a href=\"https:\/\/noform.it\/fr\/cookies-policy\/\" class=\"elementor-item\" tabindex=\"-1\">cookies policy<\/a><\/li>\n<li class=\"menu-item menu-item-type-post_type menu-item-object-page menu-item-1226\"><a href=\"https:\/\/noform.it\/fr\/info-legali\/\" class=\"elementor-item\" tabindex=\"-1\">info legali<\/a><\/li>\n<\/ul>\t\t\t<\/nav>\n\t\t\t\t\t\t<\/div>\n\t\t\t\t<\/div>\n\t\t\t\t\t<\/div>\n\t\t<\/div>\n\t\t\t\t<div class=\"elementor-column elementor-col-33 elementor-inner-column elementor-element elementor-element-adf6456\" data-id=\"adf6456\" data-element_type=\"column\">\n\t\t\t<div class=\"elementor-widget-wrap elementor-element-populated\">\n\t\t\t\t\t\t<div class=\"elementor-element elementor-element-4b3c21b elementor-nav-menu__align-center elementor-nav-menu--dropdown-none elementor-widget elementor-widget-nav-menu\" data-id=\"4b3c21b\" data-element_type=\"widget\" data-settings=\"{&quot;layout&quot;:&quot;horizontal&quot;,&quot;submenu_icon&quot;:{&quot;value&quot;:&quot;&lt;i class=\\&quot;fas fa-caret-down\\&quot;&gt;&lt;\\\/i&gt;&quot;,&quot;library&quot;:&quot;fa-solid&quot;}}\" data-widget_type=\"nav-menu.default\">\n\t\t\t\t<div class=\"elementor-widget-container\">\n\t\t\t\t\t\t\t\t<nav aria-label=\"Menu\" class=\"elementor-nav-menu--main elementor-nav-menu__container elementor-nav-menu--layout-horizontal e--pointer-none\">\n\t\t\t\t<ul id=\"menu-1-4b3c21b\" class=\"elementor-nav-menu\"><li class=\"menu-item wpml-ls-slot-13 wpml-ls-item wpml-ls-item-en wpml-ls-menu-item wpml-ls-first-item menu-item-type-wpml_ls_menu_item menu-item-object-wpml_ls_menu_item menu-item-wpml-ls-13-en\"><a href=\"https:\/\/noform.it\/en\/\" title=\"EN\" class=\"elementor-item\"><span class=\"wpml-ls-display\">EN<\/span><\/a><\/li>\n<li class=\"menu-item wpml-ls-slot-13 wpml-ls-item wpml-ls-item-it wpml-ls-menu-item wpml-ls-last-item menu-item-type-wpml_ls_menu_item menu-item-object-wpml_ls_menu_item menu-item-wpml-ls-13-it\"><a href=\"https:\/\/noform.it\/\" title=\"IT\" class=\"elementor-item\"><span class=\"wpml-ls-display\">IT<\/span><\/a><\/li>\n<\/ul>\t\t\t<\/nav>\n\t\t\t\t\t\t<nav class=\"elementor-nav-menu--dropdown elementor-nav-menu__container\" aria-hidden=\"true\">\n\t\t\t\t<ul id=\"menu-2-4b3c21b\" class=\"elementor-nav-menu\"><li class=\"menu-item wpml-ls-slot-13 wpml-ls-item wpml-ls-item-en wpml-ls-menu-item wpml-ls-first-item menu-item-type-wpml_ls_menu_item menu-item-object-wpml_ls_menu_item menu-item-wpml-ls-13-en\"><a href=\"https:\/\/noform.it\/en\/\" title=\"EN\" class=\"elementor-item\" tabindex=\"-1\"><span class=\"wpml-ls-display\">EN<\/span><\/a><\/li>\n<li class=\"menu-item wpml-ls-slot-13 wpml-ls-item wpml-ls-item-it wpml-ls-menu-item wpml-ls-last-item menu-item-type-wpml_ls_menu_item menu-item-object-wpml_ls_menu_item menu-item-wpml-ls-13-it\"><a href=\"https:\/\/noform.it\/\" title=\"IT\" class=\"elementor-item\" tabindex=\"-1\"><span class=\"wpml-ls-display\">IT<\/span><\/a><\/li>\n<\/ul>\t\t\t<\/nav>\n\t\t\t\t\t\t<\/div>\n\t\t\t\t<\/div>\n\t\t\t\t\t<\/div>\n\t\t<\/div>\n\t\t\t\t\t<\/div>\n\t\t<\/section>\n\t\t\t\t\t<\/div>\n\t\t<\/div>\n\t\t\t\t\t<\/div>\n\t\t<\/section>\n\t\t\t\t<\/div>\n\t\t\t\t<\/div>\n\t\t\t\t\t\t<\/div>\n\t\t\t\t<\/div>\n\t\t\t\t\t<\/div>\n\t\t<\/div>\n\t\t\t\t\t<\/div>\n\t\t<\/section>\n\t\t\t\t<\/div>\n\t\t","protected":false},"excerpt":{"rendered":"<p>Donn\u00e9es de la soci\u00e9t\u00e9Raison sociale : NOFORM S.R.L. Si\u00e8ge social et d&rsquo;exploitation : Via delle Industrie II, n 43 30020 MEOLO (VENEZIA) Identifiant fiscal : Via delle Industrie II, n 43 30020 MEOLO (VENEZIA) N\u00b0 T.V.A. : 04128320274 N\u00b0 T.V.A. : 04128320274 BBureau Registre du commerce et des soci\u00e9t\u00e9s : R.E.A. (Economic and Administrative Index) [&hellip;]<\/p>\n","protected":false},"author":1,"featured_media":0,"parent":0,"menu_order":0,"comment_status":"closed","ping_status":"closed","template":"elementor_header_footer","meta":{"footnotes":""},"class_list":["post-1191","page","type-page","status-publish","hentry","entry"],"yoast_head":"<!-- This site is optimized with the Yoast SEO plugin v25.3.1 - https:\/\/yoast.com\/wordpress\/plugins\/seo\/ -->\n<title>info legali - NoForm Studio<\/title>\n<meta name=\"robots\" content=\"index, follow, max-snippet:-1, max-image-preview:large, max-video-preview:-1\" \/>\n<link rel=\"canonical\" href=\"https:\/\/noform.it\/fr\/info-legali\/\" \/>\n<meta property=\"og:locale\" content=\"fr_FR\" \/>\n<meta property=\"og:type\" content=\"article\" \/>\n<meta property=\"og:title\" content=\"info legali - NoForm Studio\" \/>\n<meta property=\"og:description\" content=\"Donn\u00e9es de la soci\u00e9t\u00e9Raison sociale : NOFORM S.R.L. Si\u00e8ge social et d&rsquo;exploitation : Via delle Industrie II, n 43 30020 MEOLO (VENEZIA) Identifiant fiscal : Via delle Industrie II, n 43 30020 MEOLO (VENEZIA) N\u00b0 T.V.A. : 04128320274 N\u00b0 T.V.A. : 04128320274 BBureau Registre du commerce et des soci\u00e9t\u00e9s : R.E.A. (Economic and Administrative Index) [&hellip;]\" \/>\n<meta property=\"og:url\" content=\"https:\/\/noform.it\/fr\/info-legali\/\" \/>\n<meta property=\"og:site_name\" content=\"NoForm Studio\" \/>\n<meta property=\"article:modified_time\" content=\"2020-04-30T13:52:44+00:00\" \/>\n<meta name=\"twitter:card\" content=\"summary_large_image\" \/>\n<meta name=\"twitter:label1\" content=\"Dur\u00e9e de lecture estim\u00e9e\" \/>\n\t<meta name=\"twitter:data1\" content=\"2 minutes\" \/>\n<script type=\"application\/ld+json\" class=\"yoast-schema-graph\">{\"@context\":\"https:\/\/schema.org\",\"@graph\":[{\"@type\":\"WebPage\",\"@id\":\"https:\/\/noform.it\/fr\/info-legali\/\",\"url\":\"https:\/\/noform.it\/fr\/info-legali\/\",\"name\":\"info legali - NoForm Studio\",\"isPartOf\":{\"@id\":\"https:\/\/noform.it\/#website\"},\"datePublished\":\"2020-04-30T13:47:28+00:00\",\"dateModified\":\"2020-04-30T13:52:44+00:00\",\"breadcrumb\":{\"@id\":\"https:\/\/noform.it\/fr\/info-legali\/#breadcrumb\"},\"inLanguage\":\"fr-FR\",\"potentialAction\":[{\"@type\":\"ReadAction\",\"target\":[\"https:\/\/noform.it\/fr\/info-legali\/\"]}]},{\"@type\":\"BreadcrumbList\",\"@id\":\"https:\/\/noform.it\/fr\/info-legali\/#breadcrumb\",\"itemListElement\":[{\"@type\":\"ListItem\",\"position\":1,\"name\":\"Home\",\"item\":\"https:\/\/noform.it\/fr\/\"},{\"@type\":\"ListItem\",\"position\":2,\"name\":\"info legali\"}]},{\"@type\":\"WebSite\",\"@id\":\"https:\/\/noform.it\/#website\",\"url\":\"https:\/\/noform.it\/\",\"name\":\"NoForm Studio\",\"description\":\"\",\"potentialAction\":[{\"@type\":\"SearchAction\",\"target\":{\"@type\":\"EntryPoint\",\"urlTemplate\":\"https:\/\/noform.it\/?s={search_term_string}\"},\"query-input\":{\"@type\":\"PropertyValueSpecification\",\"valueRequired\":true,\"valueName\":\"search_term_string\"}}],\"inLanguage\":\"fr-FR\"}]}<\/script>\n<!-- \/ Yoast SEO plugin. -->","yoast_head_json":{"title":"info legali - NoForm Studio","robots":{"index":"index","follow":"follow","max-snippet":"max-snippet:-1","max-image-preview":"max-image-preview:large","max-video-preview":"max-video-preview:-1"},"canonical":"https:\/\/noform.it\/fr\/info-legali\/","og_locale":"fr_FR","og_type":"article","og_title":"info legali - NoForm Studio","og_description":"Donn\u00e9es de la soci\u00e9t\u00e9Raison sociale : NOFORM S.R.L. Si\u00e8ge social et d&rsquo;exploitation : Via delle Industrie II, n 43 30020 MEOLO (VENEZIA) Identifiant fiscal : Via delle Industrie II, n 43 30020 MEOLO (VENEZIA) N\u00b0 T.V.A. : 04128320274 N\u00b0 T.V.A. : 04128320274 BBureau Registre du commerce et des soci\u00e9t\u00e9s : R.E.A. (Economic and Administrative Index) [&hellip;]","og_url":"https:\/\/noform.it\/fr\/info-legali\/","og_site_name":"NoForm Studio","article_modified_time":"2020-04-30T13:52:44+00:00","twitter_card":"summary_large_image","twitter_misc":{"Dur\u00e9e de lecture estim\u00e9e":"2 minutes"},"schema":{"@context":"https:\/\/schema.org","@graph":[{"@type":"WebPage","@id":"https:\/\/noform.it\/fr\/info-legali\/","url":"https:\/\/noform.it\/fr\/info-legali\/","name":"info legali - NoForm Studio","isPartOf":{"@id":"https:\/\/noform.it\/#website"},"datePublished":"2020-04-30T13:47:28+00:00","dateModified":"2020-04-30T13:52:44+00:00","breadcrumb":{"@id":"https:\/\/noform.it\/fr\/info-legali\/#breadcrumb"},"inLanguage":"fr-FR","potentialAction":[{"@type":"ReadAction","target":["https:\/\/noform.it\/fr\/info-legali\/"]}]},{"@type":"BreadcrumbList","@id":"https:\/\/noform.it\/fr\/info-legali\/#breadcrumb","itemListElement":[{"@type":"ListItem","position":1,"name":"Home","item":"https:\/\/noform.it\/fr\/"},{"@type":"ListItem","position":2,"name":"info legali"}]},{"@type":"WebSite","@id":"https:\/\/noform.it\/#website","url":"https:\/\/noform.it\/","name":"NoForm Studio","description":"","potentialAction":[{"@type":"SearchAction","target":{"@type":"EntryPoint","urlTemplate":"https:\/\/noform.it\/?s={search_term_string}"},"query-input":{"@type":"PropertyValueSpecification","valueRequired":true,"valueName":"search_term_string"}}],"inLanguage":"fr-FR"}]}},"_links":{"self":[{"href":"https:\/\/noform.it\/fr\/wp-json\/wp\/v2\/pages\/1191","targetHints":{"allow":["GET"]}}],"collection":[{"href":"https:\/\/noform.it\/fr\/wp-json\/wp\/v2\/pages"}],"about":[{"href":"https:\/\/noform.it\/fr\/wp-json\/wp\/v2\/types\/page"}],"author":[{"embeddable":true,"href":"https:\/\/noform.it\/fr\/wp-json\/wp\/v2\/users\/1"}],"replies":[{"embeddable":true,"href":"https:\/\/noform.it\/fr\/wp-json\/wp\/v2\/comments?post=1191"}],"version-history":[{"count":2,"href":"https:\/\/noform.it\/fr\/wp-json\/wp\/v2\/pages\/1191\/revisions"}],"predecessor-version":[{"id":1193,"href":"https:\/\/noform.it\/fr\/wp-json\/wp\/v2\/pages\/1191\/revisions\/1193"}],"wp:attachment":[{"href":"https:\/\/noform.it\/fr\/wp-json\/wp\/v2\/media?parent=1191"}],"curies":[{"name":"wp","href":"https:\/\/api.w.org\/{rel}","templated":true}]}}